{"id":1223,"date":"2021-01-25T11:14:51","date_gmt":"2021-01-25T10:14:51","guid":{"rendered":"https:\/\/www.officinemattio.com\/?page_id=1223"},"modified":"2026-02-05T11:11:52","modified_gmt":"2026-02-05T10:11:52","slug":"dealer-locator","status":"publish","type":"page","link":"https:\/\/www.officinemattio.com\/fr\/dealer-locator\/","title":{"rendered":"Dealer Locator"},"content":{"rendered":"<div data-elementor-type=\"wp-page\" data-elementor-id=\"1223\" class=\"elementor elementor-1223\" data-elementor-post-type=\"page\">\n\t\t\t\t\t\t\t\t\t<section class=\"elementor-section elementor-top-section elementor-element elementor-element-39a773b elementor-section-boxed elementor-section-height-default elementor-section-height-default\" data-id=\"39a773b\" data-element_type=\"section\" data-settings=\"{&quot;ekit_has_onepagescroll_dot&quot;:&quot;yes&quot;}\">\n\t\t\t\t\t\t<div class=\"elementor-container elementor-column-gap-default\">\n\t\t\t\t\t<div class=\"elementor-column elementor-col-100 elementor-top-column elementor-element elementor-element-ddb59ee\" data-id=\"ddb59ee\" data-element_type=\"column\">\n\t\t\t<div class=\"elementor-widget-wrap elementor-element-populated\">\n\t\t\t\t\t\t\t\t<div class=\"elementor-element elementor-element-927d9ce elementor-widget elementor-widget-heading\" data-id=\"927d9ce\" data-element_type=\"widget\" data-settings=\"{&quot;ekit_we_effect_on&quot;:&quot;none&quot;}\" data-widget_type=\"heading.default\">\n\t\t\t\t<div class=\"elementor-widget-container\">\n\t\t\t<h1 class=\"elementor-heading-title elementor-size-default\">REVENDEURS OM<\/h1>\t\t<\/div>\n\t\t\t\t<\/div>\n\t\t\t\t<div class=\"elementor-element elementor-element-466eb3f elementor-widget elementor-widget-heading\" data-id=\"466eb3f\" data-element_type=\"widget\" data-settings=\"{&quot;ekit_we_effect_on&quot;:&quot;none&quot;}\" data-widget_type=\"heading.default\">\n\t\t\t\t<div class=\"elementor-widget-container\">\n\t\t\t<h4 class=\"elementor-heading-title elementor-size-default\">TROUVE LE REVENDEUR AGR\u00c9\u00c9 LE PLUS PROCHE<\/h4>\t\t<\/div>\n\t\t\t\t<\/div>\n\t\t\t\t\t<\/div>\n\t\t<\/div>\n\t\t\t\t\t\t\t<\/div>\n\t\t<\/section>\n\t\t\t\t<section class=\"elementor-section elementor-top-section elementor-element elementor-element-771a421 elementor-section-full_width elementor-section-height-default elementor-section-height-default\" data-id=\"771a421\" data-element_type=\"section\" data-settings=\"{&quot;ekit_has_onepagescroll_dot&quot;:&quot;yes&quot;}\">\n\t\t\t\t\t\t<div class=\"elementor-container elementor-column-gap-default\">\n\t\t\t\t\t<div class=\"elementor-column elementor-col-100 elementor-top-column elementor-element elementor-element-6f737d0\" data-id=\"6f737d0\" data-element_type=\"column\">\n\t\t\t<div class=\"elementor-widget-wrap elementor-element-populated\">\n\t\t\t\t\t\t\t\t<div class=\"elementor-element elementor-element-503316d elementor-widget elementor-widget-spacer\" data-id=\"503316d\" data-element_type=\"widget\" data-settings=\"{&quot;ekit_we_effect_on&quot;:&quot;none&quot;}\" data-widget_type=\"spacer.default\">\n\t\t\t\t<div class=\"elementor-widget-container\">\n\t\t\t\t\t<div class=\"elementor-spacer\">\n\t\t\t<div class=\"elementor-spacer-inner\"><\/div>\n\t\t<\/div>\n\t\t\t\t<\/div>\n\t\t\t\t<\/div>\n\t\t\t\t<div class=\"elementor-element elementor-element-87763fd elementor-widget elementor-widget-shortcode\" data-id=\"87763fd\" data-element_type=\"widget\" data-settings=\"{&quot;ekit_we_effect_on&quot;:&quot;none&quot;}\" data-widget_type=\"shortcode.default\">\n\t\t\t\t<div class=\"elementor-widget-container\">\n\t\t\t\t\t<div class=\"elementor-shortcode\"><style type=\"text\/css\">\n    @media(max-width:991px){\n        #asl-storelocator.asl-cont .asl-panel {order: 2;}\n    }\n<\/style>\n<section id=\"asl-storelocator\" class=\"asl-cont asl-template-3 asl-layout-2 asl-bg-0  asl-text-0\">\n    <div class=\"asl-wrapper mb-5\">\n        <div class=\"container-fluid\">\n            <div class=\"row\">\n                <div class=\"col-12 p-0\">\n                    <div class=\"sl-main-cont\">\n                        <div class=\"row no-gutters\">\n                            <div id=\"asl-panel\" class=\"asl-panel col-md-5 col-lg-4\">\n                                <div class=\"asl-overlay\" id=\"map-loading\">\n                                  <div class=\"white\"><\/div>\n                                    <div class=\"sl-loading\"><img decoding=\"async\" style=\"margin-right: 10px;\" class=\"sl-loader\" src=\"https:\/\/www.officinemattio.com\/wp-content\/plugins\/codecanyon-Jyxg04mE-agile-store-locator-google-maps-for-wordpress\/public\/Logo\/loading.gif\">Chargement...<\/div>\n                                <\/div>\n                                <div class=\"asl-filter-sec hide\"><\/div>\n                                <!-- list -->\n                                <div class=\"asl-panel-inner\">\n                                    <div class=\"sl-filter-sec\">\n                                        <div class=\"asl-addr-search\">\n                                            <input value=\"\" id=\"sl-main-search\" type=\"text\" class=\"asl-search-address form-control\" placeholder=\"Enter your address\">\n                                            <span class=\"sl-search-btn\"><i title=\"Chercher\" class=\"icon-search\"><\/i><\/span>\n                                        <\/div>  \n                                    <\/div>\n                                    <div class=\"asl-filter-tabs media\">\n                                        <div class=\"input-group\">\n                                            <ul class=\"sl-filt-a-list nav nav-pills\" role=\"tablist\"><\/ul>  \n                                            <div class=\"input-group-append\">\n                                                <div class=\"aswth-btn hide\">\n                                                    <span class=\"aswth\">\n                                                        <input type=\"checkbox\" class=\"aswth-input\" id=\"aswth-id\" checked>\n                                                        <label for=\"aswth-id\"><\/label>\n                                                        <div class=\"aswth-text\">\n                                                            <div class=\"contentA\">OUVRIR<\/div>\n                                                            <div class=\"contentB\">ALL<\/div>\n                                                        <\/div>\n                                                    <\/span>\n                                                <\/div>\n                                            <\/div>\n                                        <\/div>\n                                    <\/div>\n                                    <div class=\"sl-main-cont-box\">\n                                        <div class=\"sl-list-wrapper\">\n                                            <ul id=\"p-statelist\" class=\"sl-list\">\n                                            <\/ul>\n                                        <\/div>\n                                    <\/div>\n                                <\/div>\n\n                                <div class=\"directions-cont hide\">\n                                    <div class=\"agile-modal-header\">\n                                        <button type=\"button\" class=\"close\"><span aria-hidden=\"true\">\u00d7<\/span><\/button>\n                                        <h4>Store Direction<\/h4>\n                                    <\/div>\n                                    <div class=\"rendered-directions\" style=\"direction: ltr;\"><\/div>\n                                <\/div>\n                            <\/div>\n                            <div class=\"col-md-7 col-lg-8 asl-map\">\n                                <div class=\"map-image\">\n                                    <div id=\"asl-map-canv\" class=\"asl-map-canv\"><\/div>\n                                    \n                                    <div id=\"agile-modal-direction\" class=\"agile-modal fade\">\n                                        <div class=\"agile-modal-backdrop-in\"><\/div>\n                                        <div class=\"agile-modal-dialog in\">\n                                            <div class=\"agile-modal-content\">\n                                                <div class=\"agile-modal-header\">\n                                                    <button type=\"button\" class=\"close-directions close\" data-dismiss=\"agile-modal\" aria-label=\"Close\"><span aria-hidden=\"true\">&times;<\/span><\/button>\n                                                    <h4>Get Your Directions<\/h4>\n                                                <\/div>\n                                                <div class=\"form-group\">\n                                                    <label for=\"frm-lbl\">De:<\/label>\n                                                    <input type=\"text\" class=\"form-control frm-place\" id=\"frm-lbl\" placeholder=\"Saisissez un lieu\">\n                                                <\/div>\n                                                <div class=\"form-group\">\n                                                    <label for=\"frm-lbl\">\u00c0:<\/label>\n                                                    <input readonly=\"true\" type=\"text\"  class=\"directions-to form-control\" id=\"to-lbl\" placeholder=\"Prepopulated Destination Address\">\n                                                <\/div>\n                                                <div class=\"form-group mb-0\">\n                                                    <span for=\"frm-lbl\">Afficher Distance Dans<\/span>\n                                                    <label class=\"checkbox-inline\">\n                                                        <input type=\"radio\" name=\"dist-type\"  id=\"rbtn-km\" value=\"0\"> KM                                                    <\/label>\n                                                    <label class=\"checkbox-inline\">\n                                                        <input type=\"radio\" name=\"dist-type\" checked id=\"rbtn-mile\" value=\"1\"> Mile                                                    <\/label>\n                                                <\/div>\n                                                <div class=\"form-group mb-0\">\n                                                    <button type=\"submit\" class=\"btn btn-default btn-submit\">OBTENIR DES DIRECTIONS<\/button>\n                                                <\/div>\n                                            <\/div>\n                                        <\/div>\n                                    <\/div>\n\n                                    <div id=\"asl-geolocation-agile-modal\" class=\"agile-modal fade\">\n                                      <div class=\"agile-modal-backdrop-in\"><\/div>\n                                      <div class=\"agile-modal-dialog in\">\n                                        <div class=\"agile-modal-content\">\n                                          <button type=\"button\" class=\"close-directions close\" data-dismiss=\"agile-modal\" aria-label=\"Close\"><span aria-hidden=\"true\">&times;<\/span><\/button>\n                                                                                    <div class=\"form-group\">\n                                            <h4>Utiliser mon emplacement pour trouver le fournisseur de services le plus pr\u00e8s de moi<\/h4>\n                                          <\/div>\n                                          <div class=\"form-group text-center\">\n                                            <button type=\"button\" id=\"asl-btn-geolocation\" class=\"btn btn-block btn-default\">UTILISATION LOCATION<\/button>\n                                          <\/div>\n                                                                                  <\/div>\n                                      <\/div>\n                                    <\/div>\n                                <\/div>\n                            <\/div>\n                        <\/div>\n                    <\/div>\n                <\/div>\n            <\/div>\n        <\/div> \n    <\/div>\n<\/section>\n<script id=\"tmpl_list_item\" type=\"text\/x-jsrender\">\n    <li class=\"sl-item\" data-id=\"{{:id}}\">\n    {{if path}}\n    <div class=\"sl-img-cont\"><img decoding=\"async\" src=\"https:\/\/www.officinemattio.com\/wp-content\/uploads\/agile-store-locator\/Logo\/{{:path}}\" alt=\"\" class=\"img-fluid\" \/><\/div>\n    {{\/if}}\n    <div class=\"sl-addr-sec\">\n        <h3>{{:title}}<\/h3>\n        {{if categories}}\n            <div class=\"sl-cat-tag\">\n                <ul>\n                {{for categories}}\n                    <li>{{:name}}<\/li>\n                {{\/for}}\n                <\/ul>\n            <\/div>\n        {{\/if}}\n        <div class=\"addr-loc\">\n            <ul>\n                <li>\n                    <i class=\"icon-address-card-o\"><\/i>  \n                    <span>{{:address}}<\/span>\n                <\/li>\n                {{if phone}}\n                <li>\n                    <i class=\"icon-mobile-1\"><\/i>\n                    <a href=\"tel:{{:phone}}\">{{:phone}}<\/a>\n                <\/li>\n                {{\/if}}\n                {{if email}}\n                <li>\n                    <i class=\"icon-mail\"><\/i>\n                    <a href=\"mailto:{{:email}}\">{{:email}}<\/a>\n                <\/li>\n                {{\/if}}\n                {{if open_hours}}\n                <li>\n                    <i class=\"icon-clock\"><\/i>\n                    <span class=\"txt-hours\">{{:open_hours}}<\/span>\n                <\/li>\n                {{\/if}}\n            <\/ul>\n        <\/div>\n        <div class=\"sl-act-btns mt-2\">\n            <div class=\"row\">\n                <div class=\"col-7\">\n                    <a class=\"btn btn-asl s-direction\"><i class=\"icon-compass\"><\/i> Directions<\/a>\n                <\/div>\n                {{if dist_str}}\n                <div class=\"col-5\">\n                    <span class=\"sl-dist-calc\">{{:dist_str}}<\/span>\n                <\/div>\n                {{\/if}}\n            <\/div>\n        <\/div>\n    <\/div>\n    <\/li>\n<\/script>\n<script id=\"asl_too_tip\" type=\"text\/x-jsrender\">\n    {{if path}}\n    <div class=\"image_map_popup\" style=\"display:none\"><img decoding=\"async\" src=\"{{:URL}}Logo\/{{:path}}\" \/><\/div>\n    {{\/if}}\n    <h3>{{:title}}<\/h3>\n    <div class=\"infowindowContent\">\n    <div class=\"info-box-cont\">\n      <div class=\"row\">\n        <div class=\"col-md-12\">\n          <div class=\"{{if path}}info-addr{{else}}info-addr w-100-p{{\/if}}\">\n            <div class=\"address\"><i class=\"icon-address-card-o\"><\/i><span>{{:address}}<\/span><\/div>\n            {{if phone}}\n            <div class=\"phone\"><i class=\"icon-mobile-1\"><\/i><a href=\"tel:{{:phone}}\">{{:phone}}<\/a><\/div>\n            {{\/if}}\n            {{if email}}\n            <div class=\"p-time\"><i class=\"icon-mail\"><\/i><a href=\"mailto:{{:email}}\" style=\"text-transform: lowercase\">{{:email}}<\/a><\/div>\n            {{\/if}}\n          <\/div>\n          {{if path}}\n          <div class=\"img_box\" style=\"display:none\">\n            <img decoding=\"async\" src=\"{{:URL}}Logo\/{{:path}}\" alt=\"logo\">\n          <\/div>\n          {{\/if}}\n        <\/div>\n      <\/div>\n      <div class=\"row\">\n        <div class=\"col-md-12\">\n            <div class=\"asl-tt-details\">\n              {{if open_hours}}\n              <div class=\"p-time\"><i class=\"icon-clock\"><\/i> <span>{{:open_hours}}<\/span><\/div>\n              {{\/if}}\n              {{if show_categories && c_names}}\n              <div class=\"categories asl-p-0\"><i class=\"icon-tag\"><\/i><span>{{:c_names}}<\/span><\/div>\n              {{\/if}}\n              {{if dist_str}}\n              <div class=\"distance\">Distance: {{:dist_str}}<\/div>\n              {{\/if}}\n            <\/div>\n        <\/div>\n      <\/div>\n    <\/div>\n    <div class=\"asl-buttons\"><\/div>\n    <\/div><div class=\"arrow-down\"><\/div>\n<\/script>            \n<\/div>\n\t\t\t\t<\/div>\n\t\t\t\t<\/div>\n\t\t\t\t\t<\/div>\n\t\t<\/div>\n\t\t\t\t\t\t\t<\/div>\n\t\t<\/section>\n\t\t\t\t<section class=\"elementor-section elementor-top-section elementor-element elementor-element-306a398 elementor-section-boxed elementor-section-height-default elementor-section-height-default\" data-id=\"306a398\" data-element_type=\"section\" data-settings=\"{&quot;ekit_has_onepagescroll_dot&quot;:&quot;yes&quot;}\">\n\t\t\t\t\t\t<div class=\"elementor-container elementor-column-gap-default\">\n\t\t\t\t\t<div class=\"elementor-column elementor-col-100 elementor-top-column elementor-element elementor-element-4a1a8bc\" data-id=\"4a1a8bc\" data-element_type=\"column\">\n\t\t\t<div class=\"elementor-widget-wrap elementor-element-populated\">\n\t\t\t\t\t\t\t\t<div class=\"elementor-element elementor-element-9b6b0d8 elementor-widget elementor-widget-heading\" data-id=\"9b6b0d8\" data-element_type=\"widget\" data-settings=\"{&quot;ekit_we_effect_on&quot;:&quot;none&quot;}\" data-widget_type=\"heading.default\">\n\t\t\t\t<div class=\"elementor-widget-container\">\n\t\t\t<h2 class=\"elementor-heading-title elementor-size-default\">LES REVENDEURS AGR\u00c9\u00c9S OFFICINE MATTIO SONT LES SEULS \u00c0 POUVOIR VENDRE ET FAIRE L'ENTRETIEN D'UN V\u00c9LO OFFICINE MATTIO.<\/h2>\t\t<\/div>\n\t\t\t\t<\/div>\n\t\t\t\t<div class=\"elementor-element elementor-element-e0ec940 elementor-widget elementor-widget-heading\" data-id=\"e0ec940\" data-element_type=\"widget\" data-settings=\"{&quot;ekit_we_effect_on&quot;:&quot;none&quot;}\" data-widget_type=\"heading.default\">\n\t\t\t\t<div class=\"elementor-widget-container\">\n\t\t\t<h3 class=\"elementor-heading-title elementor-size-default\">La comp\u00e9tence, la pr\u00e9paration technique et les \u00e9quipements exclusifs garantissent l'originalit\u00e9 de chaque composant des v\u00e9los Officine Mattio et leur fiabilit\u00e9 dans le temps, en t'aidant \u00e0 faire un choix qui t'accompagnera pour toujours.<\/h3>\t\t<\/div>\n\t\t\t\t<\/div>\n\t\t\t\t<div class=\"elementor-element elementor-element-e7eecdf elementor-widget elementor-widget-button\" data-id=\"e7eecdf\" data-element_type=\"widget\" data-settings=\"{&quot;ekit_we_effect_on&quot;:&quot;none&quot;}\" data-widget_type=\"button.default\">\n\t\t\t\t<div class=\"elementor-widget-container\">\n\t\t\t\t\t<div class=\"elementor-button-wrapper\">\n\t\t\t<a class=\"elementor-button elementor-button-link elementor-size-sm\" href=\"#elementor-action:action=popup:open&settings=eyJpZCI6IjQ0MTkiLCJ0b2dnbGUiOmZhbHNlfQ==\">\n\t\t\t\t\t\t<span class=\"elementor-button-content-wrapper\">\n\t\t\t\t\t\t<span class=\"elementor-button-text\">INSCRIS-TOI \u00c0 LA LETTRE D'INFORMATION POUR RESTER \u00c0 JOUR.<\/span>\n\t\t<\/span>\n\t\t\t\t\t<\/a>\n\t\t<\/div>\n\t\t\t\t<\/div>\n\t\t\t\t<\/div>\n\t\t\t\t\t<\/div>\n\t\t<\/div>\n\t\t\t\t\t\t\t<\/div>\n\t\t<\/section>\n\t\t\t\t<section class=\"elementor-section elementor-top-section elementor-element elementor-element-5a46adf elementor-section-boxed elementor-section-height-default elementor-section-height-default\" data-id=\"5a46adf\" data-element_type=\"section\" data-settings=\"{&quot;background_background&quot;:&quot;slideshow&quot;,&quot;background_slideshow_gallery&quot;:[{&quot;id&quot;:114634,&quot;url&quot;:&quot;https:\\\/\\\/www.officinemattio.com\\\/wp-content\\\/uploads\\\/2026\\\/02\\\/C.jpg&quot;},{&quot;id&quot;:114633,&quot;url&quot;:&quot;https:\\\/\\\/www.officinemattio.com\\\/wp-content\\\/uploads\\\/2026\\\/02\\\/BV.jpg&quot;},{&quot;id&quot;:114639,&quot;url&quot;:&quot;https:\\\/\\\/www.officinemattio.com\\\/wp-content\\\/uploads\\\/2026\\\/02\\\/M.jpg&quot;},{&quot;id&quot;:114641,&quot;url&quot;:&quot;https:\\\/\\\/www.officinemattio.com\\\/wp-content\\\/uploads\\\/2026\\\/02\\\/P.jpg&quot;},{&quot;id&quot;:114640,&quot;url&quot;:&quot;https:\\\/\\\/www.officinemattio.com\\\/wp-content\\\/uploads\\\/2026\\\/02\\\/N.jpg&quot;},{&quot;id&quot;:114642,&quot;url&quot;:&quot;https:\\\/\\\/www.officinemattio.com\\\/wp-content\\\/uploads\\\/2026\\\/02\\\/X.jpg&quot;},{&quot;id&quot;:114590,&quot;url&quot;:&quot;https:\\\/\\\/www.officinemattio.com\\\/wp-content\\\/uploads\\\/2026\\\/02\\\/25_05_26_TEOVISUALS_OM_HR_SELECTION_0016.jpg&quot;},{&quot;id&quot;:114589,&quot;url&quot;:&quot;https:\\\/\\\/www.officinemattio.com\\\/wp-content\\\/uploads\\\/2026\\\/02\\\/25_05_26_TEOVISUALS_OM_HR_SELECTION_008.jpg&quot;},{&quot;id&quot;:114420,&quot;url&quot;:&quot;https:\\\/\\\/www.officinemattio.com\\\/wp-content\\\/uploads\\\/2025\\\/11\\\/BIG_3444.jpg&quot;}],&quot;background_slideshow_slide_duration&quot;:2000,&quot;background_slideshow_loop&quot;:&quot;yes&quot;,&quot;background_slideshow_slide_transition&quot;:&quot;fade&quot;,&quot;background_slideshow_transition_duration&quot;:500,&quot;ekit_has_onepagescroll_dot&quot;:&quot;yes&quot;}\">\n\t\t\t\t\t\t<div class=\"elementor-container elementor-column-gap-default\">\n\t\t\t\t\t<div class=\"elementor-column elementor-col-100 elementor-top-column elementor-element elementor-element-1f9a971\" data-id=\"1f9a971\" data-element_type=\"column\">\n\t\t\t<div class=\"elementor-widget-wrap\">\n\t\t\t\t\t\t\t\t\t<\/div>\n\t\t<\/div>\n\t\t\t\t\t\t\t<\/div>\n\t\t<\/section>\n\t\t\t\t\t\t\t<\/div>","protected":false},"excerpt":{"rendered":"<p>Rivenditori OM trova il rivenditore autorizzato pi\u00f9 vicino a te I RIVENDITORI AUTORIZZATI OFFICINE MATTIO SONO I SOLI A POTER VENDERE ED EFFETTUARE LA MANUTENZIONE DI UNA BICI OFFICINE MATTIO. Competenza, preparazione tecnica e attrezzature esclusive garantiscono l\u2019originalit\u00e0 di ogni singolo componente delle bici Officine Mattio e l\u2019affidabilit\u00e0 nel tempo, aiutandoti in una scelta che &hellip;<\/p>\n<p class=\"read-more\"> <a class=\"\" href=\"https:\/\/www.officinemattio.com\/fr\/dealer-locator\/\"> <span class=\"screen-reader-text\">Dealer Locator<\/span> Lire la suite\u00a0\u00bb<\/a><\/p>","protected":false},"author":1,"featured_media":0,"parent":0,"menu_order":0,"comment_status":"closed","ping_status":"closed","template":"","meta":{"_seopress_robots_primary_cat":"","site-sidebar-layout":"no-sidebar","site-content-layout":"page-builder","ast-global-header-display":"","ast-banner-title-visibility":"","ast-main-header-display":"","ast-hfb-above-header-display":"","ast-hfb-below-header-display":"","ast-hfb-mobile-header-display":"","site-post-title":"disabled","ast-breadcrumbs-content":"","ast-featured-img":"disabled","footer-sml-layout":"","theme-transparent-header-meta":"default","adv-header-id-meta":"","stick-header-meta":"","header-above-stick-meta":"","header-main-stick-meta":"","header-below-stick-meta":"","footnotes":""},"class_list":["post-1223","page","type-page","status-publish","hentry"],"_links":{"self":[{"href":"https:\/\/www.officinemattio.com\/fr\/wp-json\/wp\/v2\/pages\/1223","targetHints":{"allow":["GET"]}}],"collection":[{"href":"https:\/\/www.officinemattio.com\/fr\/wp-json\/wp\/v2\/pages"}],"about":[{"href":"https:\/\/www.officinemattio.com\/fr\/wp-json\/wp\/v2\/types\/page"}],"author":[{"embeddable":true,"href":"https:\/\/www.officinemattio.com\/fr\/wp-json\/wp\/v2\/users\/1"}],"replies":[{"embeddable":true,"href":"https:\/\/www.officinemattio.com\/fr\/wp-json\/wp\/v2\/comments?post=1223"}],"version-history":[{"count":48,"href":"https:\/\/www.officinemattio.com\/fr\/wp-json\/wp\/v2\/pages\/1223\/revisions"}],"predecessor-version":[{"id":114706,"href":"https:\/\/www.officinemattio.com\/fr\/wp-json\/wp\/v2\/pages\/1223\/revisions\/114706"}],"wp:attachment":[{"href":"https:\/\/www.officinemattio.com\/fr\/wp-json\/wp\/v2\/media?parent=1223"}],"curies":[{"name":"wp","href":"https:\/\/api.w.org\/{rel}","templated":true}]}}